{"id":1511,"date":"2024-04-01T12:54:58","date_gmt":"2024-04-01T15:54:58","guid":{"rendered":"https:\/\/www.educaciondeadultosprocesosformativos.cl\/revista\/?page_id=1511"},"modified":"2024-10-15T15:30:55","modified_gmt":"2024-10-15T18:30:55","slug":"no13-2023","status":"publish","type":"page","link":"https:\/\/www.educaciondeadultosprocesosformativos.cl\/revista\/","title":{"rendered":"N\u00ba13 2023"},"content":{"rendered":"[et_pb_section fb_built=&#8221;1&#8243; _builder_version=&#8221;3.22&#8243;][et_pb_row _builder_version=&#8221;3.25&#8243; background_size=&#8221;initial&#8221; background_position=&#8221;top_left&#8221; background_repeat=&#8221;repeat&#8221;][et_pb_column type=&#8221;4_4&#8243; _builder_version=&#8221;3.25&#8243; custom_padding=&#8221;|||&#8221; custom_padding__hover=&#8221;|||&#8221;][et_pb_text _builder_version=&#8221;4.0.11&#8243; background_size=&#8221;initial&#8221; background_position=&#8221;top_left&#8221; background_repeat=&#8221;repeat&#8221; hover_enabled=&#8221;0&#8243;]\n<p><img loading=\"lazy\" decoding=\"async\" class=\"alignnone wp-image-1519 size-full\" src=\"https:\/\/www.educaciondeadultosprocesosformativos.cl\/revista\/wp-content\/uploads\/2024\/04\/Identificador_de_Edici\u00f3n_edit13-1.jpg\" alt=\"N\u00ba13: 2023\" width=\"1750\" height=\"119\" srcset=\"https:\/\/www.educaciondeadultosprocesosformativos.cl\/revista\/wp-content\/uploads\/2024\/04\/Identificador_de_Edici\u00f3n_edit13-1.jpg 1750w, https:\/\/www.educaciondeadultosprocesosformativos.cl\/revista\/wp-content\/uploads\/2024\/04\/Identificador_de_Edici\u00f3n_edit13-1-300x20.jpg 300w, https:\/\/www.educaciondeadultosprocesosformativos.cl\/revista\/wp-content\/uploads\/2024\/04\/Identificador_de_Edici\u00f3n_edit13-1-1024x70.jpg 1024w, https:\/\/www.educaciondeadultosprocesosformativos.cl\/revista\/wp-content\/uploads\/2024\/04\/Identificador_de_Edici\u00f3n_edit13-1-768x52.jpg 768w, https:\/\/www.educaciondeadultosprocesosformativos.cl\/revista\/wp-content\/uploads\/2024\/04\/Identificador_de_Edici\u00f3n_edit13-1-1536x104.jpg 1536w, https:\/\/www.educaciondeadultosprocesosformativos.cl\/revista\/wp-content\/uploads\/2024\/04\/Identificador_de_Edici\u00f3n_edit13-1-1080x73.jpg 1080w, https:\/\/www.educaciondeadultosprocesosformativos.cl\/revista\/wp-content\/uploads\/2024\/04\/Identificador_de_Edici\u00f3n_edit13-1-1280x87.jpg 1280w, https:\/\/www.educaciondeadultosprocesosformativos.cl\/revista\/wp-content\/uploads\/2024\/04\/Identificador_de_Edici\u00f3n_edit13-1-980x67.jpg 980w, https:\/\/www.educaciondeadultosprocesosformativos.cl\/revista\/wp-content\/uploads\/2024\/04\/Identificador_de_Edici\u00f3n_edit13-1-480x33.jpg 480w\" sizes=\"auto, (max-width: 1750px) 100vw, 1750px\" \/> Tabla de contenidos:<\/p>\n<p>1.-<a href=\"https:\/\/www.educaciondeadultosprocesosformativos.cl\/revista\/2024\/04\/01\/la-educacion-permanente-de-jovenes-y-adultos-en-argentina-avances-actuales-desde-las-politicas-publicas-educativas\/\" target=\"_blank\" rel=\"noopener noreferrer\"> La Educaci\u00f3n Permanente de J\u00f3venes y Adultos en Argentina: avances actuales desde las pol\u00edticas p\u00fablicas educativas.<\/a><br \/>Mar\u00eda Eugenia Vicente<a href=\"http:\/\/https:\/\/orcid.org\/0000-0003-0748-678X\" target=\"_blank\" rel=\"noopener noreferrer\"><img loading=\"lazy\" decoding=\"async\" class=\"alignnone wp-image-1412\" src=\"https:\/\/www.educaciondeadultosprocesosformativos.cl\/revista\/wp-content\/uploads\/2023\/04\/orcid.logo_.icon_.svg\" alt=\"\" width=\"20\" height=\"20\" \/><\/a><\/p>\n<p>2.- <a href=\"https:\/\/www.educaciondeadultosprocesosformativos.cl\/revista\/wp-content\/uploads\/2024\/10\/2_Guillermo_Williamson_y_Carla_Chavarria_n13.pdf\" target=\"_blank\" rel=\"noopener\">Ingresos especiales a Pedagog\u00edas desde la Educaci\u00f3n de Personas J\u00f3venes y Adultas<\/a><br \/>Guillermo Williamson <a href=\"https:\/\/orcid.org\/0000-0001-5313-342X\"><img loading=\"lazy\" decoding=\"async\" class=\"alignnone wp-image-1412\" src=\"https:\/\/www.educaciondeadultosprocesosformativos.cl\/revista\/wp-content\/uploads\/2023\/04\/orcid.logo_.icon_.svg\" alt=\"\" width=\"20\" height=\"20\" \/><\/a>\u00a0\/ Carla Chavarr\u00eda R.<a href=\"https:\/\/orcid.org\/0009-0007-0031-5132\"><img loading=\"lazy\" decoding=\"async\" class=\"alignnone wp-image-1412\" src=\"https:\/\/www.educaciondeadultosprocesosformativos.cl\/revista\/wp-content\/uploads\/2023\/04\/orcid.logo_.icon_.svg\" alt=\"\" width=\"20\" height=\"20\" \/><\/a><\/p>\n[\/et_pb_text][\/et_pb_column][\/et_pb_row][\/et_pb_section]\n","protected":false},"excerpt":{"rendered":"<p>[et_pb_section fb_built=&#8221;1&#8243; _builder_version=&#8221;3.22&#8243;][et_pb_row _builder_version=&#8221;3.25&#8243; background_size=&#8221;initial&#8221; background_position=&#8221;top_left&#8221; background_repeat=&#8221;repeat&#8221;][et_pb_column type=&#8221;4_4&#8243; _builder_version=&#8221;3.25&#8243; custom_padding=&#8221;|||&#8221; custom_padding__hover=&#8221;|||&#8221;][et_pb_text _builder_version=&#8221;4.0.11&#8243; background_size=&#8221;initial&#8221; background_position=&#8221;top_left&#8221; background_repeat=&#8221;repeat&#8221; hover_enabled=&#8221;0&#8243;] Tabla de contenidos: 1.- La Educaci\u00f3n Permanente de J\u00f3venes y Adultos en Argentina: avances actuales desde las pol\u00edticas p\u00fablicas educativas.Mar\u00eda Eugenia Vicente 2.- Ingresos especiales a Pedagog\u00edas desde la Educaci\u00f3n de Personas J\u00f3venes y AdultasGuillermo Williamson \u00a0\/ Carla Chavarr\u00eda [&hellip;]<\/p>\n","protected":false},"author":8,"featured_media":0,"parent":0,"menu_order":0,"comment_status":"closed","ping_status":"closed","template":"","meta":{"_et_pb_use_builder":"on","_et_pb_old_content":"<p><img class=\"alignnone wp-image-1519 size-full\" src=\"https:\/\/www.educaciondeadultosprocesosformativos.cl\/revista\/wp-content\/uploads\/2024\/04\/Identificador_de_Edici\u00f3n_edit13-1.jpg\" alt=\"N\u00ba13: 2023\" width=\"1750\" height=\"119\" \/> Tabla de contenidos: <a href=\"https:\/\/www.educaciondeadultosprocesosformativos.cl\/revista\/wp-content\/uploads\/2024\/04\/1_Mar\u00eda_Eugenia_Vicente_n13.pdf\" target=\"_blank\" rel=\"noopener noreferrer\">La Educaci\u00f3n Permanente de J\u00f3venes y Adultos en Argentina: avances actuales desde las pol\u00edticas p\u00fablicas educativas.<\/a> Mar\u00eda Eugenia Vicente<a href=\"http:\/\/https:\/\/orcid.org\/0000-0003-0748-678X\" target=\"_blank\" rel=\"noopener noreferrer\"><img class=\"alignnone wp-image-1412\" src=\"https:\/\/www.educaciondeadultosprocesosformativos.cl\/revista\/wp-content\/uploads\/2023\/04\/orcid.logo_.icon_.svg\" alt=\"\" width=\"20\" height=\"20\" \/><\/a><\/p>","inline_featured_image":false,"footnotes":""},"class_list":["post-1511","page","type-page","status-publish","hentry"],"_links":{"self":[{"href":"https:\/\/www.educaciondeadultosprocesosformativos.cl\/revista\/wp-json\/wp\/v2\/pages\/1511","targetHints":{"allow":["GET"]}}],"collection":[{"href":"https:\/\/www.educaciondeadultosprocesosformativos.cl\/revista\/wp-json\/wp\/v2\/pages"}],"about":[{"href":"https:\/\/www.educaciondeadultosprocesosformativos.cl\/revista\/wp-json\/wp\/v2\/types\/page"}],"author":[{"embeddable":true,"href":"https:\/\/www.educaciondeadultosprocesosformativos.cl\/revista\/wp-json\/wp\/v2\/users\/8"}],"replies":[{"embeddable":true,"href":"https:\/\/www.educaciondeadultosprocesosformativos.cl\/revista\/wp-json\/wp\/v2\/comments?post=1511"}],"version-history":[{"count":9,"href":"https:\/\/www.educaciondeadultosprocesosformativos.cl\/revista\/wp-json\/wp\/v2\/pages\/1511\/revisions"}],"predecessor-version":[{"id":1585,"href":"https:\/\/www.educaciondeadultosprocesosformativos.cl\/revista\/wp-json\/wp\/v2\/pages\/1511\/revisions\/1585"}],"wp:attachment":[{"href":"https:\/\/www.educaciondeadultosprocesosformativos.cl\/revista\/wp-json\/wp\/v2\/media?parent=1511"}],"curies":[{"name":"wp","href":"https:\/\/api.w.org\/{rel}","templated":true}]}}